{"id":550,"date":"2023-06-21T17:59:33","date_gmt":"2023-06-21T17:59:33","guid":{"rendered":"https:\/\/tan-mink-210314.hostingersite.com\/?page_id=550"},"modified":"2025-12-16T23:30:47","modified_gmt":"2025-12-16T23:30:47","slug":"quienes-somos","status":"publish","type":"page","link":"https:\/\/thebrandvid.com\/en\/quienes-somos\/","title":{"rendered":"About us"},"content":{"rendered":"<div data-elementor-type=\"wp-page\" data-elementor-id=\"550\" class=\"elementor elementor-550\" data-elementor-post-type=\"page\">\n\t\t\t\t\t\t<section class=\"elementor-section elementor-top-section elementor-element elementor-element-0ca73a1 elementor-section-boxed elementor-section-height-default elementor-section-height-default elementor-invisible\" data-id=\"0ca73a1\" data-element_type=\"section\" data-settings=\"{&quot;background_background&quot;:&quot;classic&quot;,&quot;animation&quot;:&quot;fadeInUp&quot;}\">\n\t\t\t\t\t\t<div class=\"elementor-container elementor-column-gap-default\">\n\t\t\t\t\t<div class=\"elementor-column elementor-col-100 elementor-top-column elementor-element elementor-element-6ad78d1\" data-id=\"6ad78d1\" data-element_type=\"column\">\n\t\t\t<div class=\"elementor-widget-wrap elementor-element-populated\">\n\t\t\t\t\t\t<div class=\"elementor-element elementor-element-09c27ad elementor-widget elementor-widget-heading\" data-id=\"09c27ad\" data-element_type=\"widget\" data-widget_type=\"heading.default\">\n\t\t\t\t<div class=\"elementor-widget-container\">\n\t\t\t\t\t<h2 class=\"elementor-heading-title elementor-size-default\">\u00bfWHO ARE WE?<\/h2>\t\t\t\t<\/div>\n\t\t\t\t<\/div>\n\t\t\t\t\t<\/div>\n\t\t<\/div>\n\t\t\t\t\t<\/div>\n\t\t<\/section>\n\t\t\t\t<section class=\"elementor-section elementor-top-section elementor-element elementor-element-b96fcaf elementor-section-boxed elementor-section-height-default elementor-section-height-default elementor-invisible\" data-id=\"b96fcaf\" data-element_type=\"section\" data-settings=\"{&quot;background_background&quot;:&quot;classic&quot;,&quot;animation&quot;:&quot;fadeInUp&quot;}\">\n\t\t\t\t\t\t<div class=\"elementor-container elementor-column-gap-default\">\n\t\t\t\t\t<div class=\"elementor-column elementor-col-100 elementor-top-column elementor-element elementor-element-54dd474\" data-id=\"54dd474\" data-element_type=\"column\">\n\t\t\t<div class=\"elementor-widget-wrap elementor-element-populated\">\n\t\t\t\t\t\t<section class=\"elementor-section elementor-inner-section elementor-element elementor-element-64decb1 elementor-reverse-mobile elementor-section-boxed elementor-section-height-default elementor-section-height-default\" data-id=\"64decb1\" data-element_type=\"section\">\n\t\t\t\t\t\t<div class=\"elementor-container elementor-column-gap-default\">\n\t\t\t\t\t<div class=\"elementor-column elementor-col-50 elementor-inner-column elementor-element elementor-element-ac7eed3\" data-id=\"ac7eed3\" data-element_type=\"column\">\n\t\t\t<div class=\"elementor-widget-wrap elementor-element-populated\">\n\t\t\t\t\t\t<div class=\"elementor-element elementor-element-983242a elementor-widget elementor-widget-heading\" data-id=\"983242a\" data-element_type=\"widget\" data-widget_type=\"heading.default\">\n\t\t\t\t<div class=\"elementor-widget-container\">\n\t\t\t\t\t<h2 class=\"elementor-heading-title elementor-size-default\">Augusta<\/h2>\t\t\t\t<\/div>\n\t\t\t\t<\/div>\n\t\t\t\t<div class=\"elementor-element elementor-element-2662222 elementor-widget__width-initial elementor-widget elementor-widget-text-editor\" data-id=\"2662222\" data-element_type=\"widget\" data-widget_type=\"text-editor.default\">\n\t\t\t\t<div class=\"elementor-widget-container\">\n\t\t\t\t\t\t\t\t\t<p>A professional publicist, illustrator, and artist by passion.<\/p>\n<p>Ha trabajado con distintas marcas en Ecuador, Chile, Colombia y Argentina.<\/p>\n<p>For the past three years, she has worked as a professional artist, creating her own artwork and producing pieces for private clients and brands, mainly using watercolor, ink, and muralism, through what she calls art from emotion.<\/p>\n<p>She loves traveling, nature, animals, and social causes.<\/p>\n<p>She is always ready to work from wherever she is because she never separates herself from her brushes or her Wacom tablet.<\/p>\t\t\t\t\t\t\t\t<\/div>\n\t\t\t\t<\/div>\n\t\t\t\t\t<\/div>\n\t\t<\/div>\n\t\t\t\t<div class=\"elementor-column elementor-col-50 elementor-inner-column elementor-element elementor-element-7752859 elementor-invisible\" data-id=\"7752859\" data-element_type=\"column\" data-settings=\"{&quot;animation&quot;:&quot;fadeInRight&quot;}\">\n\t\t\t<div class=\"elementor-widget-wrap elementor-element-populated\">\n\t\t\t\t\t\t<div class=\"elementor-element elementor-element-2d0e7ef elementor-widget elementor-widget-image\" data-id=\"2d0e7ef\" data-element_type=\"widget\" data-widget_type=\"image.default\">\n\t\t\t\t<div class=\"elementor-widget-container\">\n\t\t\t\t\t\t\t\t\t\t\t\t\t\t\t<img fetchpriority=\"high\" decoding=\"async\" width=\"800\" height=\"800\" src=\"https:\/\/thebrandvid.com\/wp-content\/uploads\/2023\/06\/AugusF-edit.gif\" class=\"attachment-full size-full wp-image-767\" alt=\"\" \/>\t\t\t\t\t\t\t\t\t\t\t\t\t\t\t<\/div>\n\t\t\t\t<\/div>\n\t\t\t\t\t<\/div>\n\t\t<\/div>\n\t\t\t\t\t<\/div>\n\t\t<\/section>\n\t\t\t\t\t<\/div>\n\t\t<\/div>\n\t\t\t\t\t<\/div>\n\t\t<\/section>\n\t\t\t\t<section class=\"elementor-section elementor-top-section elementor-element elementor-element-13f36c8 elementor-section-boxed elementor-section-height-default elementor-section-height-default\" data-id=\"13f36c8\" data-element_type=\"section\">\n\t\t\t\t\t\t<div class=\"elementor-container elementor-column-gap-no\">\n\t\t\t\t\t<div class=\"elementor-column elementor-col-100 elementor-top-column elementor-element elementor-element-8c2e8b8\" data-id=\"8c2e8b8\" data-element_type=\"column\">\n\t\t\t<div class=\"elementor-widget-wrap elementor-element-populated\">\n\t\t\t\t\t\t<section class=\"elementor-section elementor-inner-section elementor-element elementor-element-9863880 elementor-section-boxed elementor-section-height-default elementor-section-height-default\" data-id=\"9863880\" data-element_type=\"section\">\n\t\t\t\t\t\t<div class=\"elementor-container elementor-column-gap-default\">\n\t\t\t\t\t<div class=\"elementor-column elementor-col-50 elementor-inner-column elementor-element elementor-element-b76fd54\" data-id=\"b76fd54\" data-element_type=\"column\">\n\t\t\t<div class=\"elementor-widget-wrap elementor-element-populated\">\n\t\t\t\t\t\t<div class=\"elementor-element elementor-element-52dab4f elementor-widget elementor-widget-image\" data-id=\"52dab4f\" data-element_type=\"widget\" data-widget_type=\"image.default\">\n\t\t\t\t<div class=\"elementor-widget-container\">\n\t\t\t\t\t\t\t\t\t\t\t\t\t\t\t<img decoding=\"async\" width=\"800\" height=\"800\" src=\"https:\/\/thebrandvid.com\/wp-content\/uploads\/2023\/06\/FER-EDIT.gif\" class=\"attachment-full size-full wp-image-768\" alt=\"\" \/>\t\t\t\t\t\t\t\t\t\t\t\t\t\t\t<\/div>\n\t\t\t\t<\/div>\n\t\t\t\t\t<\/div>\n\t\t<\/div>\n\t\t\t\t<div class=\"elementor-column elementor-col-50 elementor-inner-column elementor-element elementor-element-02527bc\" data-id=\"02527bc\" data-element_type=\"column\">\n\t\t\t<div class=\"elementor-widget-wrap elementor-element-populated\">\n\t\t\t\t\t\t<div class=\"elementor-element elementor-element-160ee28 elementor-widget elementor-widget-heading\" data-id=\"160ee28\" data-element_type=\"widget\" data-widget_type=\"heading.default\">\n\t\t\t\t<div class=\"elementor-widget-container\">\n\t\t\t\t\t<h2 class=\"elementor-heading-title elementor-size-default\">Fernando<\/h2>\t\t\t\t<\/div>\n\t\t\t\t<\/div>\n\t\t\t\t<div class=\"elementor-element elementor-element-09da383 elementor-widget elementor-widget-text-editor\" data-id=\"09da383\" data-element_type=\"widget\" data-widget_type=\"text-editor.default\">\n\t\t\t\t<div class=\"elementor-widget-container\">\n\t\t\t\t\t\t\t\t\t<p>Is a passionate marketer and traveler, and he has managed to combine these two passions to create exciting and effective content for his clients. With his eye for unique perspective and his ability to capture special moments, he has created engaging and visually impactful advertising campaigns for clients in Ecuador and around the world.<\/p>\n<p>Es el colaborador perfecto para cualquier proyecto de marketing que busque una perspectiva fresca y emocionante. Su creatividad, profesionalismo y esp\u00edritu aventurero lo convierten en un activo invaluable para cualquier equipo de marketing.<\/p>\t\t\t\t\t\t\t\t<\/div>\n\t\t\t\t<\/div>\n\t\t\t\t\t<\/div>\n\t\t<\/div>\n\t\t\t\t\t<\/div>\n\t\t<\/section>\n\t\t\t\t<div class=\"elementor-element elementor-element-a703eb7 elementor-widget elementor-widget-menu-anchor\" data-id=\"a703eb7\" data-element_type=\"widget\" data-widget_type=\"menu-anchor.default\">\n\t\t\t\t<div class=\"elementor-widget-container\">\n\t\t\t\t\t\t\t<div class=\"elementor-menu-anchor\" id=\"quehacemos\"><\/div>\n\t\t\t\t\t\t<\/div>\n\t\t\t\t<\/div>\n\t\t\t\t\t<\/div>\n\t\t<\/div>\n\t\t\t\t\t<\/div>\n\t\t<\/section>\n\t\t\t\t<section class=\"elementor-section elementor-top-section elementor-element elementor-element-8d301d6 elementor-section-boxed elementor-section-height-default elementor-section-height-default elementor-invisible\" data-id=\"8d301d6\" data-element_type=\"section\" data-settings=\"{&quot;background_background&quot;:&quot;classic&quot;,&quot;background_motion_fx_motion_fx_scrolling&quot;:&quot;yes&quot;,&quot;background_motion_fx_translateY_effect&quot;:&quot;yes&quot;,&quot;background_motion_fx_translateY_speed&quot;:{&quot;unit&quot;:&quot;px&quot;,&quot;size&quot;:3,&quot;sizes&quot;:[]},&quot;background_motion_fx_translateY_affectedRange&quot;:{&quot;unit&quot;:&quot;%&quot;,&quot;size&quot;:&quot;&quot;,&quot;sizes&quot;:{&quot;start&quot;:3,&quot;end&quot;:100}},&quot;animation&quot;:&quot;fadeInUp&quot;,&quot;background_motion_fx_devices&quot;:[&quot;desktop&quot;,&quot;tablet&quot;,&quot;mobile&quot;]}\">\n\t\t\t\t\t\t<div class=\"elementor-container elementor-column-gap-default\">\n\t\t\t\t\t<div class=\"elementor-column elementor-col-100 elementor-top-column elementor-element elementor-element-681d429\" data-id=\"681d429\" data-element_type=\"column\">\n\t\t\t<div class=\"elementor-widget-wrap elementor-element-populated\">\n\t\t\t\t\t\t<div class=\"elementor-element elementor-element-ee17841 elementor-widget-divider--view-line_text elementor-widget-divider--element-align-center elementor-widget elementor-widget-divider\" data-id=\"ee17841\" data-element_type=\"widget\" data-widget_type=\"divider.default\">\n\t\t\t\t<div class=\"elementor-widget-container\">\n\t\t\t\t\t\t\t<div class=\"elementor-divider\">\n\t\t\t<span class=\"elementor-divider-separator\">\n\t\t\t\t\t\t\t<span class=\"elementor-divider__text elementor-divider__element\">\n\t\t\t\tTELL US ABOUT YOUR PROJECT\t\t\t\t<\/span>\n\t\t\t\t\t\t<\/span>\n\t\t<\/div>\n\t\t\t\t\t\t<\/div>\n\t\t\t\t<\/div>\n\t\t\t\t<div class=\"elementor-element elementor-element-d00504a elementor-widget elementor-widget-heading\" data-id=\"d00504a\" data-element_type=\"widget\" data-widget_type=\"heading.default\">\n\t\t\t\t<div class=\"elementor-widget-container\">\n\t\t\t\t\t<h2 class=\"elementor-heading-title elementor-size-default\">READY TO WORK TOGETHER?<\/h2>\t\t\t\t<\/div>\n\t\t\t\t<\/div>\n\t\t\t\t<section class=\"elementor-section elementor-inner-section elementor-element elementor-element-695bb6a elementor-section-boxed elementor-section-height-default elementor-section-height-default\" data-id=\"695bb6a\" data-element_type=\"section\">\n\t\t\t\t\t\t<div class=\"elementor-container elementor-column-gap-default\">\n\t\t\t\t\t<div class=\"elementor-column elementor-col-50 elementor-inner-column elementor-element elementor-element-65c45db elementor-invisible\" data-id=\"65c45db\" data-element_type=\"column\" data-settings=\"{&quot;animation&quot;:&quot;fadeIn&quot;,&quot;animation_delay&quot;:200}\">\n\t\t\t<div class=\"elementor-widget-wrap elementor-element-populated\">\n\t\t\t\t\t\t<div class=\"elementor-element elementor-element-401b2c9 elementor-align-center elementor-widget elementor-widget-button\" data-id=\"401b2c9\" data-element_type=\"widget\" data-widget_type=\"button.default\">\n\t\t\t\t<div class=\"elementor-widget-container\">\n\t\t\t\t\t\t\t\t\t<div class=\"elementor-button-wrapper\">\n\t\t\t\t\t<a class=\"elementor-button elementor-button-link elementor-size-sm\" href=\"http:\/\/wa.link\/9vo76t\">\n\t\t\t\t\t\t<span class=\"elementor-button-content-wrapper\">\n\t\t\t\t\t\t<span class=\"elementor-button-icon\">\n\t\t\t\t<i aria-hidden=\"true\" class=\"fas fa-briefcase\"><\/i>\t\t\t<\/span>\n\t\t\t\t\t\t\t\t\t<span class=\"elementor-button-text\">HIRE<\/span>\n\t\t\t\t\t<\/span>\n\t\t\t\t\t<\/a>\n\t\t\t\t<\/div>\n\t\t\t\t\t\t\t\t<\/div>\n\t\t\t\t<\/div>\n\t\t\t\t\t<\/div>\n\t\t<\/div>\n\t\t\t\t<div class=\"elementor-column elementor-col-50 elementor-inner-column elementor-element elementor-element-99aa437 elementor-invisible\" data-id=\"99aa437\" data-element_type=\"column\" data-settings=\"{&quot;animation&quot;:&quot;fadeIn&quot;,&quot;animation_delay&quot;:400}\">\n\t\t\t<div class=\"elementor-widget-wrap elementor-element-populated\">\n\t\t\t\t\t\t<div class=\"elementor-element elementor-element-3f042dc elementor-align-center elementor-widget elementor-widget-button\" data-id=\"3f042dc\" data-element_type=\"widget\" data-widget_type=\"button.default\">\n\t\t\t\t<div class=\"elementor-widget-container\">\n\t\t\t\t\t\t\t\t\t<div class=\"elementor-button-wrapper\">\n\t\t\t\t\t<a class=\"elementor-button elementor-button-link elementor-size-sm\" href=\"http:\/\/wa.link\/9vo76t\">\n\t\t\t\t\t\t<span class=\"elementor-button-content-wrapper\">\n\t\t\t\t\t\t<span class=\"elementor-button-icon\">\n\t\t\t\t<i aria-hidden=\"true\" class=\"fab fa-whatsapp\"><\/i>\t\t\t<\/span>\n\t\t\t\t\t\t\t\t\t<span class=\"elementor-button-text\">CONTACT<\/span>\n\t\t\t\t\t<\/span>\n\t\t\t\t\t<\/a>\n\t\t\t\t<\/div>\n\t\t\t\t\t\t\t\t<\/div>\n\t\t\t\t<\/div>\n\t\t\t\t\t<\/div>\n\t\t<\/div>\n\t\t\t\t\t<\/div>\n\t\t<\/section>\n\t\t\t\t\t<\/div>\n\t\t<\/div>\n\t\t\t\t\t<\/div>\n\t\t<\/section>\n\t\t\t\t<\/div>","protected":false},"excerpt":{"rendered":"<p>\u00bfQUI\u00c9NES SOMOS? Augusta Augusta, publicista de profesi\u00f3n, ilustradora y artista por pasi\u00f3n. Ha trabajado con distintas marcas en Ecuador, Chile, Colombia y Argentina. Desde hace tres a\u00f1os trabaja como artista profesional, generando su propia obra y creando piezas para clientes privados y marcas, principalmente en acuarela, tinta y muralismo, a trav\u00e9s de lo que ella [&hellip;]<\/p>","protected":false},"author":1,"featured_media":0,"parent":0,"menu_order":0,"comment_status":"closed","ping_status":"closed","template":"elementor_header_footer","meta":{"footnotes":""},"class_list":["post-550","page","type-page","status-publish","hentry"],"yoast_head":"<!-- This site is optimized with the Yoast SEO plugin v26.0 - https:\/\/yoast.com\/wordpress\/plugins\/seo\/ -->\n<title>Qui\u00e9nes somos - The Brandvid<\/title>\n<meta name=\"robots\" content=\"index, follow, max-snippet:-1, max-image-preview:large, max-video-preview:-1\" \/>\n<link rel=\"canonical\" href=\"https:\/\/thebrandvid.com\/en\/quienes-somos\/\" \/>\n<meta property=\"og:locale\" content=\"en_US\" \/>\n<meta property=\"og:type\" content=\"article\" \/>\n<meta property=\"og:title\" content=\"Qui\u00e9nes somos - The Brandvid\" \/>\n<meta property=\"og:description\" content=\"\u00bfQUI\u00c9NES SOMOS? Augusta Augusta, publicista de profesi\u00f3n, ilustradora y artista por pasi\u00f3n. Ha trabajado con distintas marcas en Ecuador, Chile, Colombia y Argentina. Desde hace tres a\u00f1os trabaja como artista profesional, generando su propia obra y creando piezas para clientes privados y marcas, principalmente en acuarela, tinta y muralismo, a trav\u00e9s de lo que ella [&hellip;]\" \/>\n<meta property=\"og:url\" content=\"https:\/\/thebrandvid.com\/en\/quienes-somos\/\" \/>\n<meta property=\"og:site_name\" content=\"The Brandvid\" \/>\n<meta property=\"article:modified_time\" content=\"2025-12-16T23:30:47+00:00\" \/>\n<meta property=\"og:image\" content=\"https:\/\/thebrandvid.com\/wp-content\/uploads\/2023\/06\/AugusF-edit.gif\" \/>\n<meta name=\"twitter:card\" content=\"summary_large_image\" \/>\n<meta name=\"twitter:label1\" content=\"Est. reading time\" \/>\n\t<meta name=\"twitter:data1\" content=\"2 minutes\" \/>\n<script type=\"application\/ld+json\" class=\"yoast-schema-graph\">{\"@context\":\"https:\/\/schema.org\",\"@graph\":[{\"@type\":\"WebPage\",\"@id\":\"https:\/\/thebrandvid.com\/quienes-somos\/\",\"url\":\"https:\/\/thebrandvid.com\/quienes-somos\/\",\"name\":\"Qui\u00e9nes somos - The Brandvid\",\"isPartOf\":{\"@id\":\"https:\/\/tan-mink-210314.hostingersite.com\/#website\"},\"primaryImageOfPage\":{\"@id\":\"https:\/\/thebrandvid.com\/quienes-somos\/#primaryimage\"},\"image\":{\"@id\":\"https:\/\/thebrandvid.com\/quienes-somos\/#primaryimage\"},\"thumbnailUrl\":\"https:\/\/thebrandvid.com\/wp-content\/uploads\/2023\/06\/AugusF-edit.gif\",\"datePublished\":\"2023-06-21T17:59:33+00:00\",\"dateModified\":\"2025-12-16T23:30:47+00:00\",\"breadcrumb\":{\"@id\":\"https:\/\/thebrandvid.com\/quienes-somos\/#breadcrumb\"},\"inLanguage\":\"en-US\",\"potentialAction\":[{\"@type\":\"ReadAction\",\"target\":[\"https:\/\/thebrandvid.com\/quienes-somos\/\"]}]},{\"@type\":\"ImageObject\",\"inLanguage\":\"en-US\",\"@id\":\"https:\/\/thebrandvid.com\/quienes-somos\/#primaryimage\",\"url\":\"https:\/\/thebrandvid.com\/wp-content\/uploads\/2023\/06\/AugusF-edit.gif\",\"contentUrl\":\"https:\/\/thebrandvid.com\/wp-content\/uploads\/2023\/06\/AugusF-edit.gif\"},{\"@type\":\"BreadcrumbList\",\"@id\":\"https:\/\/thebrandvid.com\/quienes-somos\/#breadcrumb\",\"itemListElement\":[{\"@type\":\"ListItem\",\"position\":1,\"name\":\"Home\",\"item\":\"https:\/\/tan-mink-210314.hostingersite.com\/\"},{\"@type\":\"ListItem\",\"position\":2,\"name\":\"Qui\u00e9nes somos\"}]},{\"@type\":\"WebSite\",\"@id\":\"https:\/\/tan-mink-210314.hostingersite.com\/#website\",\"url\":\"https:\/\/tan-mink-210314.hostingersite.com\/\",\"name\":\"The Brandvid\",\"description\":\"from pixels to promotion\",\"publisher\":{\"@id\":\"https:\/\/tan-mink-210314.hostingersite.com\/#organization\"},\"potentialAction\":[{\"@type\":\"SearchAction\",\"target\":{\"@type\":\"EntryPoint\",\"urlTemplate\":\"https:\/\/tan-mink-210314.hostingersite.com\/?s={search_term_string}\"},\"query-input\":{\"@type\":\"PropertyValueSpecification\",\"valueRequired\":true,\"valueName\":\"search_term_string\"}}],\"inLanguage\":\"en-US\"},{\"@type\":\"Organization\",\"@id\":\"https:\/\/tan-mink-210314.hostingersite.com\/#organization\",\"name\":\"The Branvid\",\"url\":\"https:\/\/tan-mink-210314.hostingersite.com\/\",\"logo\":{\"@type\":\"ImageObject\",\"inLanguage\":\"en-US\",\"@id\":\"https:\/\/tan-mink-210314.hostingersite.com\/#\/schema\/logo\/image\/\",\"url\":\"https:\/\/i0.wp.com\/thebrandvid.com\/wp-content\/uploads\/2023\/05\/fav.png?fit=1007%2C926&ssl=1\",\"contentUrl\":\"https:\/\/i0.wp.com\/thebrandvid.com\/wp-content\/uploads\/2023\/05\/fav.png?fit=1007%2C926&ssl=1\",\"width\":1007,\"height\":926,\"caption\":\"The Branvid\"},\"image\":{\"@id\":\"https:\/\/tan-mink-210314.hostingersite.com\/#\/schema\/logo\/image\/\"}}]}<\/script>\n<!-- \/ Yoast SEO plugin. -->","yoast_head_json":{"title":"Qui\u00e9nes somos - The Brandvid","robots":{"index":"index","follow":"follow","max-snippet":"max-snippet:-1","max-image-preview":"max-image-preview:large","max-video-preview":"max-video-preview:-1"},"canonical":"https:\/\/thebrandvid.com\/en\/quienes-somos\/","og_locale":"en_US","og_type":"article","og_title":"Qui\u00e9nes somos - The Brandvid","og_description":"\u00bfQUI\u00c9NES SOMOS? Augusta Augusta, publicista de profesi\u00f3n, ilustradora y artista por pasi\u00f3n. Ha trabajado con distintas marcas en Ecuador, Chile, Colombia y Argentina. Desde hace tres a\u00f1os trabaja como artista profesional, generando su propia obra y creando piezas para clientes privados y marcas, principalmente en acuarela, tinta y muralismo, a trav\u00e9s de lo que ella [&hellip;]","og_url":"https:\/\/thebrandvid.com\/en\/quienes-somos\/","og_site_name":"The Brandvid","article_modified_time":"2025-12-16T23:30:47+00:00","og_image":[{"url":"https:\/\/thebrandvid.com\/wp-content\/uploads\/2023\/06\/AugusF-edit.gif","type":"","width":"","height":""}],"twitter_card":"summary_large_image","twitter_misc":{"Est. reading time":"2 minutes"},"schema":{"@context":"https:\/\/schema.org","@graph":[{"@type":"WebPage","@id":"https:\/\/thebrandvid.com\/quienes-somos\/","url":"https:\/\/thebrandvid.com\/quienes-somos\/","name":"Qui\u00e9nes somos - The Brandvid","isPartOf":{"@id":"https:\/\/tan-mink-210314.hostingersite.com\/#website"},"primaryImageOfPage":{"@id":"https:\/\/thebrandvid.com\/quienes-somos\/#primaryimage"},"image":{"@id":"https:\/\/thebrandvid.com\/quienes-somos\/#primaryimage"},"thumbnailUrl":"https:\/\/thebrandvid.com\/wp-content\/uploads\/2023\/06\/AugusF-edit.gif","datePublished":"2023-06-21T17:59:33+00:00","dateModified":"2025-12-16T23:30:47+00:00","breadcrumb":{"@id":"https:\/\/thebrandvid.com\/quienes-somos\/#breadcrumb"},"inLanguage":"en-US","potentialAction":[{"@type":"ReadAction","target":["https:\/\/thebrandvid.com\/quienes-somos\/"]}]},{"@type":"ImageObject","inLanguage":"en-US","@id":"https:\/\/thebrandvid.com\/quienes-somos\/#primaryimage","url":"https:\/\/thebrandvid.com\/wp-content\/uploads\/2023\/06\/AugusF-edit.gif","contentUrl":"https:\/\/thebrandvid.com\/wp-content\/uploads\/2023\/06\/AugusF-edit.gif"},{"@type":"BreadcrumbList","@id":"https:\/\/thebrandvid.com\/quienes-somos\/#breadcrumb","itemListElement":[{"@type":"ListItem","position":1,"name":"Home","item":"https:\/\/tan-mink-210314.hostingersite.com\/"},{"@type":"ListItem","position":2,"name":"Qui\u00e9nes somos"}]},{"@type":"WebSite","@id":"https:\/\/tan-mink-210314.hostingersite.com\/#website","url":"https:\/\/tan-mink-210314.hostingersite.com\/","name":"The Brandvid","description":"from pixels to promotion","publisher":{"@id":"https:\/\/tan-mink-210314.hostingersite.com\/#organization"},"potentialAction":[{"@type":"SearchAction","target":{"@type":"EntryPoint","urlTemplate":"https:\/\/tan-mink-210314.hostingersite.com\/?s={search_term_string}"},"query-input":{"@type":"PropertyValueSpecification","valueRequired":true,"valueName":"search_term_string"}}],"inLanguage":"en-US"},{"@type":"Organization","@id":"https:\/\/tan-mink-210314.hostingersite.com\/#organization","name":"The Branvid","url":"https:\/\/tan-mink-210314.hostingersite.com\/","logo":{"@type":"ImageObject","inLanguage":"en-US","@id":"https:\/\/tan-mink-210314.hostingersite.com\/#\/schema\/logo\/image\/","url":"https:\/\/i0.wp.com\/thebrandvid.com\/wp-content\/uploads\/2023\/05\/fav.png?fit=1007%2C926&ssl=1","contentUrl":"https:\/\/i0.wp.com\/thebrandvid.com\/wp-content\/uploads\/2023\/05\/fav.png?fit=1007%2C926&ssl=1","width":1007,"height":926,"caption":"The Branvid"},"image":{"@id":"https:\/\/tan-mink-210314.hostingersite.com\/#\/schema\/logo\/image\/"}}]}},"_hostinger_reach_plugin_has_subscription_block":false,"_hostinger_reach_plugin_is_elementor":false,"_links":{"self":[{"href":"https:\/\/thebrandvid.com\/en\/wp-json\/wp\/v2\/pages\/550","targetHints":{"allow":["GET"]}}],"collection":[{"href":"https:\/\/thebrandvid.com\/en\/wp-json\/wp\/v2\/pages"}],"about":[{"href":"https:\/\/thebrandvid.com\/en\/wp-json\/wp\/v2\/types\/page"}],"author":[{"embeddable":true,"href":"https:\/\/thebrandvid.com\/en\/wp-json\/wp\/v2\/users\/1"}],"replies":[{"embeddable":true,"href":"https:\/\/thebrandvid.com\/en\/wp-json\/wp\/v2\/comments?post=550"}],"version-history":[{"count":22,"href":"https:\/\/thebrandvid.com\/en\/wp-json\/wp\/v2\/pages\/550\/revisions"}],"predecessor-version":[{"id":925,"href":"https:\/\/thebrandvid.com\/en\/wp-json\/wp\/v2\/pages\/550\/revisions\/925"}],"wp:attachment":[{"href":"https:\/\/thebrandvid.com\/en\/wp-json\/wp\/v2\/media?parent=550"}],"curies":[{"name":"wp","href":"https:\/\/api.w.org\/{rel}","templated":true}]}}